{"id":642,"date":"2026-03-07T08:02:20","date_gmt":"2026-03-07T07:02:20","guid":{"rendered":"https:\/\/www.noxiamdesign.fr\/?page_id=642"},"modified":"2026-03-07T08:14:30","modified_gmt":"2026-03-07T07:14:30","slug":"culinaire-et-produit","status":"publish","type":"page","link":"https:\/\/www.noxiamdesign.fr\/index.php\/culinaire-et-produit\/","title":{"rendered":"Culinaire et produit"},"content":{"rendered":"<div class=\"slider-wrapper relative\" id=\"slider-480209045\" >\n    <div class=\"slider slider-nav-circle slider-nav-large slider-nav-light slider-style-normal\"\n        data-flickity-options='{\n            \"cellAlign\": \"center\",\n            \"imagesLoaded\": true,\n            \"lazyLoad\": 1,\n            \"freeScroll\": false,\n            \"wrapAround\": true,\n            \"autoPlay\": 6000,\n            \"pauseAutoPlayOnHover\" : true,\n            \"prevNextButtons\": true,\n            \"contain\" : true,\n            \"adaptiveHeight\" : true,\n            \"dragThreshold\" : 10,\n            \"percentPosition\": true,\n            \"pageDots\": true,\n            \"rightToLeft\": false,\n            \"draggable\": true,\n            \"selectedAttraction\": 0.1,\n            \"parallax\" : 0,\n            \"friction\": 0.6        }'\n        >\n        \n     <\/div>\n\n     <div class=\"loading-spin dark large centered\"><\/div>\n\n\t<\/div>\n\n\n\n\t<section class=\"section\" id=\"section_2133029234\">\n\t\t<div class=\"section-bg fill\" >\n\t\t\t\t\t\t\t\t\t\n\t\t\t\n\n\t\t<\/div>\n\n\t\t\n\n\t\t<div class=\"section-content relative\">\n\t\t\t\n<div class=\"row align-center\"  id=\"row-1543667652\">\n\n\t<div id=\"col-2092595832\" class=\"col small-12 large-12\"  >\n\t\t\t\t<div class=\"col-inner dark\"  >\n\t\t\t\n\t\t\t\n<div class=\"row\"  id=\"row-1813932475\">\n\n\t<div id=\"col-1379929708\" class=\"col small-12 large-12\"  >\n\t\t\t\t<div class=\"col-inner\"  >\n\t\t\t\n\t\t\t\n<h4 class=\"_ap3a _aaco _aacu _aacx _aad7 _aade\" dir=\"auto\">Approche de la photographie produit ax\u00e9e sur la pr\u00e9cision, la lumi\u00e8re et la composition afin de r\u00e9v\u00e9ler toute la qualit\u00e9 et mettre en valeur chaque d\u00e9tail.<\/h4>\n\t\t<\/div>\n\t\t\t\t\t<\/div>\n\n\t\n<\/div>\n<div class=\"row row-dashed\"  id=\"row-1302956474\">\n\n\t<div id=\"col-2108251387\" class=\"col medium-6 small-12 large-6\"  >\n\t\t\t\t<div class=\"col-inner\"  >\n\t\t\t\n\t\t\t\n\t<div class=\"img has-hover x md-x lg-x y md-y lg-y\" id=\"image_1291390641\">\n\t\t<a class=\"image-lightbox lightbox-gallery\" title=\"\" href=\"https:\/\/www.noxiamdesign.fr\/wp-content\/uploads\/2026\/03\/B97A67281-1024x683.jpg\">\t\t\t\t\t\t<div class=\"img-inner dark\" >\n\t\t\t<img loading=\"lazy\" decoding=\"async\" width=\"1800\" height=\"1200\" src=\"https:\/\/www.noxiamdesign.fr\/wp-content\/uploads\/2026\/03\/B97A67281.jpg\" class=\"attachment-original size-original\" alt=\"\" srcset=\"https:\/\/www.noxiamdesign.fr\/wp-content\/uploads\/2026\/03\/B97A67281.jpg 1800w, https:\/\/www.noxiamdesign.fr\/wp-content\/uploads\/2026\/03\/B97A67281-300x200.jpg 300w, https:\/\/www.noxiamdesign.fr\/wp-content\/uploads\/2026\/03\/B97A67281-1024x683.jpg 1024w, https:\/\/www.noxiamdesign.fr\/wp-content\/uploads\/2026\/03\/B97A67281-768x512.jpg 768w, https:\/\/www.noxiamdesign.fr\/wp-content\/uploads\/2026\/03\/B97A67281-1536x1024.jpg 1536w\" sizes=\"auto, (max-width: 1800px) 100vw, 1800px\" \/>\t\t\t\t\t\t\n\t\t\t\t\t<\/div>\n\t\t\t\t\t\t<\/a>\t\t\n<style>\n#image_1291390641 {\n  width: 100%;\n}\n<\/style>\n\t<\/div>\n\t\n\t<div class=\"img has-hover x md-x lg-x y md-y lg-y\" id=\"image_1384052233\">\n\t\t<a class=\"image-lightbox lightbox-gallery\" title=\"\" href=\"https:\/\/www.noxiamdesign.fr\/wp-content\/uploads\/2026\/03\/B97A6693-720x1024.jpg\">\t\t\t\t\t\t<div class=\"img-inner dark\" >\n\t\t\t<img loading=\"lazy\" decoding=\"async\" width=\"1200\" height=\"1706\" src=\"https:\/\/www.noxiamdesign.fr\/wp-content\/uploads\/2026\/03\/B97A6693.jpg\" class=\"attachment-original size-original\" alt=\"\" srcset=\"https:\/\/www.noxiamdesign.fr\/wp-content\/uploads\/2026\/03\/B97A6693.jpg 1200w, https:\/\/www.noxiamdesign.fr\/wp-content\/uploads\/2026\/03\/B97A6693-211x300.jpg 211w, https:\/\/www.noxiamdesign.fr\/wp-content\/uploads\/2026\/03\/B97A6693-720x1024.jpg 720w, https:\/\/www.noxiamdesign.fr\/wp-content\/uploads\/2026\/03\/B97A6693-768x1092.jpg 768w, https:\/\/www.noxiamdesign.fr\/wp-content\/uploads\/2026\/03\/B97A6693-1080x1536.jpg 1080w\" sizes=\"auto, (max-width: 1200px) 100vw, 1200px\" \/>\t\t\t\t\t\t\n\t\t\t\t\t<\/div>\n\t\t\t\t\t\t<\/a>\t\t\n<style>\n#image_1384052233 {\n  width: 100%;\n}\n<\/style>\n\t<\/div>\n\t\n\t<div class=\"img has-hover x md-x lg-x y md-y lg-y\" id=\"image_544407276\">\n\t\t<a class=\"image-lightbox lightbox-gallery\" title=\"\" href=\"https:\/\/www.noxiamdesign.fr\/wp-content\/uploads\/2026\/03\/B97A6701-683x1024.jpg\">\t\t\t\t\t\t<div class=\"img-inner dark\" >\n\t\t\t<img loading=\"lazy\" decoding=\"async\" width=\"1200\" height=\"1800\" src=\"https:\/\/www.noxiamdesign.fr\/wp-content\/uploads\/2026\/03\/B97A6701.jpg\" class=\"attachment-original size-original\" alt=\"\" srcset=\"https:\/\/www.noxiamdesign.fr\/wp-content\/uploads\/2026\/03\/B97A6701.jpg 1200w, https:\/\/www.noxiamdesign.fr\/wp-content\/uploads\/2026\/03\/B97A6701-200x300.jpg 200w, https:\/\/www.noxiamdesign.fr\/wp-content\/uploads\/2026\/03\/B97A6701-683x1024.jpg 683w, https:\/\/www.noxiamdesign.fr\/wp-content\/uploads\/2026\/03\/B97A6701-768x1152.jpg 768w, https:\/\/www.noxiamdesign.fr\/wp-content\/uploads\/2026\/03\/B97A6701-1024x1536.jpg 1024w\" sizes=\"auto, (max-width: 1200px) 100vw, 1200px\" \/>\t\t\t\t\t\t\n\t\t\t\t\t<\/div>\n\t\t\t\t\t\t<\/a>\t\t\n<style>\n#image_544407276 {\n  width: 100%;\n}\n<\/style>\n\t<\/div>\n\t\n\t<div class=\"img has-hover x md-x lg-x y md-y lg-y\" id=\"image_1863204088\">\n\t\t<a class=\"image-lightbox lightbox-gallery\" title=\"\" href=\"https:\/\/www.noxiamdesign.fr\/wp-content\/uploads\/2026\/03\/B97A748912-1024x706.jpg\">\t\t\t\t\t\t<div class=\"img-inner image-cover dark\" style=\"padding-top:100%;\">\n\t\t\t<img loading=\"lazy\" decoding=\"async\" width=\"2560\" height=\"1766\" src=\"https:\/\/www.noxiamdesign.fr\/wp-content\/uploads\/2026\/03\/B97A748912.jpg\" class=\"attachment-original size-original\" alt=\"\" srcset=\"https:\/\/www.noxiamdesign.fr\/wp-content\/uploads\/2026\/03\/B97A748912.jpg 2560w, https:\/\/www.noxiamdesign.fr\/wp-content\/uploads\/2026\/03\/B97A748912-300x207.jpg 300w, https:\/\/www.noxiamdesign.fr\/wp-content\/uploads\/2026\/03\/B97A748912-1024x706.jpg 1024w, https:\/\/www.noxiamdesign.fr\/wp-content\/uploads\/2026\/03\/B97A748912-768x530.jpg 768w, https:\/\/www.noxiamdesign.fr\/wp-content\/uploads\/2026\/03\/B97A748912-1536x1060.jpg 1536w, https:\/\/www.noxiamdesign.fr\/wp-content\/uploads\/2026\/03\/B97A748912-2048x1413.jpg 2048w\" sizes=\"auto, (max-width: 2560px) 100vw, 2560px\" \/>\t\t\t\t\t\t\n\t\t\t\t\t<\/div>\n\t\t\t\t\t\t<\/a>\t\t\n<style>\n#image_1863204088 {\n  width: 100%;\n}\n<\/style>\n\t<\/div>\n\t\n\t<div class=\"img has-hover x md-x lg-x y md-y lg-y\" id=\"image_1243507937\">\n\t\t<a class=\"image-lightbox lightbox-gallery\" title=\"\" href=\"https:\/\/www.noxiamdesign.fr\/wp-content\/uploads\/2026\/03\/B97A75891-1024x785.jpg\">\t\t\t\t\t\t<div class=\"img-inner image-cover dark\" style=\"padding-top:100%;\">\n\t\t\t<img loading=\"lazy\" decoding=\"async\" width=\"2560\" height=\"1963\" src=\"https:\/\/www.noxiamdesign.fr\/wp-content\/uploads\/2026\/03\/B97A75891.jpg\" class=\"attachment-original size-original\" alt=\"\" srcset=\"https:\/\/www.noxiamdesign.fr\/wp-content\/uploads\/2026\/03\/B97A75891.jpg 2560w, https:\/\/www.noxiamdesign.fr\/wp-content\/uploads\/2026\/03\/B97A75891-300x230.jpg 300w, https:\/\/www.noxiamdesign.fr\/wp-content\/uploads\/2026\/03\/B97A75891-1024x785.jpg 1024w, https:\/\/www.noxiamdesign.fr\/wp-content\/uploads\/2026\/03\/B97A75891-768x589.jpg 768w, https:\/\/www.noxiamdesign.fr\/wp-content\/uploads\/2026\/03\/B97A75891-1536x1178.jpg 1536w, https:\/\/www.noxiamdesign.fr\/wp-content\/uploads\/2026\/03\/B97A75891-2048x1570.jpg 2048w\" sizes=\"auto, (max-width: 2560px) 100vw, 2560px\" \/>\t\t\t\t\t\t\n\t\t\t\t\t<\/div>\n\t\t\t\t\t\t<\/a>\t\t\n<style>\n#image_1243507937 {\n  width: 100%;\n}\n<\/style>\n\t<\/div>\n\t\n\t\t<\/div>\n\t\t\t\t\t<\/div>\n\n\t\n\n\t<div id=\"col-1772056689\" class=\"col medium-6 small-12 large-6\"  >\n\t\t\t\t<div class=\"col-inner\"  >\n\t\t\t\n\t\t\t\n\t<div class=\"img has-hover x md-x lg-x y md-y lg-y\" id=\"image_1762314461\">\n\t\t<a class=\"image-lightbox lightbox-gallery\" title=\"\" href=\"https:\/\/www.noxiamdesign.fr\/wp-content\/uploads\/2026\/03\/B97A67472-762x1024.jpg\">\t\t\t\t\t\t<div class=\"img-inner dark\" >\n\t\t\t<img loading=\"lazy\" decoding=\"async\" width=\"1175\" height=\"1579\" src=\"https:\/\/www.noxiamdesign.fr\/wp-content\/uploads\/2026\/03\/B97A67472.jpg\" class=\"attachment-original size-original\" alt=\"\" srcset=\"https:\/\/www.noxiamdesign.fr\/wp-content\/uploads\/2026\/03\/B97A67472.jpg 1175w, https:\/\/www.noxiamdesign.fr\/wp-content\/uploads\/2026\/03\/B97A67472-223x300.jpg 223w, https:\/\/www.noxiamdesign.fr\/wp-content\/uploads\/2026\/03\/B97A67472-762x1024.jpg 762w, https:\/\/www.noxiamdesign.fr\/wp-content\/uploads\/2026\/03\/B97A67472-768x1032.jpg 768w, https:\/\/www.noxiamdesign.fr\/wp-content\/uploads\/2026\/03\/B97A67472-1143x1536.jpg 1143w\" sizes=\"auto, (max-width: 1175px) 100vw, 1175px\" \/>\t\t\t\t\t\t\n\t\t\t\t\t<\/div>\n\t\t\t\t\t\t<\/a>\t\t\n<style>\n#image_1762314461 {\n  width: 100%;\n}\n<\/style>\n\t<\/div>\n\t\n\t<div class=\"img has-hover x md-x lg-x y md-y lg-y\" id=\"image_817951179\">\n\t\t<a class=\"image-lightbox lightbox-gallery\" title=\"\" href=\"https:\/\/www.noxiamdesign.fr\/wp-content\/uploads\/2026\/03\/B97A6637-1024x874.jpg\">\t\t\t\t\t\t<div class=\"img-inner image-cover dark\" style=\"padding-top:67%;\">\n\t\t\t<img loading=\"lazy\" decoding=\"async\" width=\"1105\" height=\"943\" src=\"https:\/\/www.noxiamdesign.fr\/wp-content\/uploads\/2026\/03\/B97A6637.jpg\" class=\"attachment-original size-original\" alt=\"\" srcset=\"https:\/\/www.noxiamdesign.fr\/wp-content\/uploads\/2026\/03\/B97A6637.jpg 1105w, https:\/\/www.noxiamdesign.fr\/wp-content\/uploads\/2026\/03\/B97A6637-300x256.jpg 300w, https:\/\/www.noxiamdesign.fr\/wp-content\/uploads\/2026\/03\/B97A6637-1024x874.jpg 1024w, https:\/\/www.noxiamdesign.fr\/wp-content\/uploads\/2026\/03\/B97A6637-768x655.jpg 768w\" sizes=\"auto, (max-width: 1105px) 100vw, 1105px\" \/>\t\t\t\t\t\t\n\t\t\t\t\t<\/div>\n\t\t\t\t\t\t<\/a>\t\t\n<style>\n#image_817951179 {\n  width: 100%;\n}\n<\/style>\n\t<\/div>\n\t\n\t<div class=\"img has-hover x md-x lg-x y md-y lg-y\" id=\"image_1419994675\">\n\t\t<a class=\"image-lightbox lightbox-gallery\" title=\"\" href=\"https:\/\/www.noxiamdesign.fr\/wp-content\/uploads\/2026\/03\/B97A7436-1024x683.jpg\">\t\t\t\t\t\t<div class=\"img-inner image-cover dark\" style=\"padding-top:94%;\">\n\t\t\t<img loading=\"lazy\" decoding=\"async\" width=\"2560\" height=\"1707\" src=\"https:\/\/www.noxiamdesign.fr\/wp-content\/uploads\/2026\/03\/B97A7436.jpg\" class=\"attachment-original size-original\" alt=\"\" srcset=\"https:\/\/www.noxiamdesign.fr\/wp-content\/uploads\/2026\/03\/B97A7436.jpg 2560w, https:\/\/www.noxiamdesign.fr\/wp-content\/uploads\/2026\/03\/B97A7436-300x200.jpg 300w, https:\/\/www.noxiamdesign.fr\/wp-content\/uploads\/2026\/03\/B97A7436-1024x683.jpg 1024w, https:\/\/www.noxiamdesign.fr\/wp-content\/uploads\/2026\/03\/B97A7436-768x512.jpg 768w, https:\/\/www.noxiamdesign.fr\/wp-content\/uploads\/2026\/03\/B97A7436-1536x1024.jpg 1536w, https:\/\/www.noxiamdesign.fr\/wp-content\/uploads\/2026\/03\/B97A7436-2048x1366.jpg 2048w\" sizes=\"auto, (max-width: 2560px) 100vw, 2560px\" \/>\t\t\t\t\t\t\n\t\t\t\t\t<\/div>\n\t\t\t\t\t\t<\/a>\t\t\n<style>\n#image_1419994675 {\n  width: 100%;\n}\n<\/style>\n\t<\/div>\n\t\n\t<div class=\"img has-hover x md-x lg-x y md-y lg-y\" id=\"image_1382035481\">\n\t\t<a class=\"image-lightbox lightbox-gallery\" title=\"\" href=\"https:\/\/www.noxiamdesign.fr\/wp-content\/uploads\/2026\/03\/coffe-food-photo-noxiam-design-819x1024.jpg\">\t\t\t\t\t\t<div class=\"img-inner image-cover dark\" style=\"padding-top:143%;\">\n\t\t\t<img loading=\"lazy\" decoding=\"async\" width=\"1080\" height=\"1350\" src=\"https:\/\/www.noxiamdesign.fr\/wp-content\/uploads\/2026\/03\/coffe-food-photo-noxiam-design.jpg\" class=\"attachment-original size-original\" alt=\"\" srcset=\"https:\/\/www.noxiamdesign.fr\/wp-content\/uploads\/2026\/03\/coffe-food-photo-noxiam-design.jpg 1080w, https:\/\/www.noxiamdesign.fr\/wp-content\/uploads\/2026\/03\/coffe-food-photo-noxiam-design-240x300.jpg 240w, https:\/\/www.noxiamdesign.fr\/wp-content\/uploads\/2026\/03\/coffe-food-photo-noxiam-design-819x1024.jpg 819w, https:\/\/www.noxiamdesign.fr\/wp-content\/uploads\/2026\/03\/coffe-food-photo-noxiam-design-768x960.jpg 768w\" sizes=\"auto, (max-width: 1080px) 100vw, 1080px\" \/>\t\t\t\t\t\t\n\t\t\t\t\t<\/div>\n\t\t\t\t\t\t<\/a>\t\t\n<style>\n#image_1382035481 {\n  width: 100%;\n}\n<\/style>\n\t<\/div>\n\t\n\t<div class=\"img has-hover x md-x lg-x y md-y lg-y\" id=\"image_793427658\">\n\t\t<a class=\"image-lightbox lightbox-gallery\" title=\"\" href=\"https:\/\/www.noxiamdesign.fr\/wp-content\/uploads\/2026\/03\/unnamed2-1024x683.jpg\">\t\t\t\t\t\t<div class=\"img-inner image-cover dark\" style=\"padding-top:78%;\">\n\t\t\t<img loading=\"lazy\" decoding=\"async\" width=\"2560\" height=\"1707\" src=\"https:\/\/www.noxiamdesign.fr\/wp-content\/uploads\/2026\/03\/unnamed2.jpg\" class=\"attachment-original size-original\" alt=\"\" srcset=\"https:\/\/www.noxiamdesign.fr\/wp-content\/uploads\/2026\/03\/unnamed2.jpg 2560w, https:\/\/www.noxiamdesign.fr\/wp-content\/uploads\/2026\/03\/unnamed2-300x200.jpg 300w, https:\/\/www.noxiamdesign.fr\/wp-content\/uploads\/2026\/03\/unnamed2-1024x683.jpg 1024w, https:\/\/www.noxiamdesign.fr\/wp-content\/uploads\/2026\/03\/unnamed2-768x512.jpg 768w, https:\/\/www.noxiamdesign.fr\/wp-content\/uploads\/2026\/03\/unnamed2-1536x1024.jpg 1536w, https:\/\/www.noxiamdesign.fr\/wp-content\/uploads\/2026\/03\/unnamed2-2048x1366.jpg 2048w\" sizes=\"auto, (max-width: 2560px) 100vw, 2560px\" \/>\t\t\t\t\t\t\n\t\t\t\t\t<\/div>\n\t\t\t\t\t\t<\/a>\t\t\n<style>\n#image_793427658 {\n  width: 100%;\n}\n<\/style>\n\t<\/div>\n\t\n\t\t<\/div>\n\t\t\t\t\t<\/div>\n\n\t\n<\/div>\n\t\t<\/div>\n\t\t\t\t\t<\/div>\n\n\t\n<\/div>\n\t\t<\/div>\n\n\t\t\n<style>\n#section_2133029234 {\n  padding-top: 30px;\n  padding-bottom: 30px;\n  background-color: rgb(0, 0, 0);\n}\n<\/style>\n\t<\/section>\n\t\n","protected":false},"excerpt":{"rendered":"","protected":false},"author":1,"featured_media":0,"parent":0,"menu_order":0,"comment_status":"closed","ping_status":"closed","template":"","meta":{"footnotes":""},"class_list":["post-642","page","type-page","status-publish","hentry"],"yoast_head":"<!-- This site is optimized with the Yoast SEO plugin v27.3 - https:\/\/yoast.com\/product\/yoast-seo-wordpress\/ -->\n<title>Culinaire et produit - Noxiam design<\/title>\n<meta name=\"robots\" content=\"index, follow, max-snippet:-1, max-image-preview:large, max-video-preview:-1\" \/>\n<link rel=\"canonical\" href=\"https:\/\/www.noxiamdesign.fr\/index.php\/culinaire-et-produit\/\" \/>\n<meta property=\"og:locale\" content=\"fr_FR\" \/>\n<meta property=\"og:type\" content=\"article\" \/>\n<meta property=\"og:title\" content=\"Culinaire et produit - Noxiam design\" \/>\n<meta property=\"og:url\" content=\"https:\/\/www.noxiamdesign.fr\/index.php\/culinaire-et-produit\/\" \/>\n<meta property=\"og:site_name\" content=\"Noxiam design\" \/>\n<meta property=\"article:modified_time\" content=\"2026-03-07T07:14:30+00:00\" \/>\n<meta name=\"twitter:card\" content=\"summary_large_image\" \/>\n<script type=\"application\/ld+json\" class=\"yoast-schema-graph\">{\"@context\":\"https:\\\/\\\/schema.org\",\"@graph\":[{\"@type\":\"WebPage\",\"@id\":\"https:\\\/\\\/www.noxiamdesign.fr\\\/index.php\\\/culinaire-et-produit\\\/\",\"url\":\"https:\\\/\\\/www.noxiamdesign.fr\\\/index.php\\\/culinaire-et-produit\\\/\",\"name\":\"Culinaire et produit - Noxiam design\",\"isPartOf\":{\"@id\":\"https:\\\/\\\/www.noxiamdesign.fr\\\/#website\"},\"datePublished\":\"2026-03-07T07:02:20+00:00\",\"dateModified\":\"2026-03-07T07:14:30+00:00\",\"breadcrumb\":{\"@id\":\"https:\\\/\\\/www.noxiamdesign.fr\\\/index.php\\\/culinaire-et-produit\\\/#breadcrumb\"},\"inLanguage\":\"fr-FR\",\"potentialAction\":[{\"@type\":\"ReadAction\",\"target\":[\"https:\\\/\\\/www.noxiamdesign.fr\\\/index.php\\\/culinaire-et-produit\\\/\"]}]},{\"@type\":\"BreadcrumbList\",\"@id\":\"https:\\\/\\\/www.noxiamdesign.fr\\\/index.php\\\/culinaire-et-produit\\\/#breadcrumb\",\"itemListElement\":[{\"@type\":\"ListItem\",\"position\":1,\"name\":\"Accueil\",\"item\":\"https:\\\/\\\/www.noxiamdesign.fr\\\/\"},{\"@type\":\"ListItem\",\"position\":2,\"name\":\"Culinaire et produit\"}]},{\"@type\":\"WebSite\",\"@id\":\"https:\\\/\\\/www.noxiamdesign.fr\\\/#website\",\"url\":\"https:\\\/\\\/www.noxiamdesign.fr\\\/\",\"name\":\"Noxiam design\",\"description\":\"Photographie &amp; communication\",\"potentialAction\":[{\"@type\":\"SearchAction\",\"target\":{\"@type\":\"EntryPoint\",\"urlTemplate\":\"https:\\\/\\\/www.noxiamdesign.fr\\\/?s={search_term_string}\"},\"query-input\":{\"@type\":\"PropertyValueSpecification\",\"valueRequired\":true,\"valueName\":\"search_term_string\"}}],\"inLanguage\":\"fr-FR\"}]}<\/script>\n<!-- \/ Yoast SEO plugin. -->","yoast_head_json":{"title":"Culinaire et produit - Noxiam design","robots":{"index":"index","follow":"follow","max-snippet":"max-snippet:-1","max-image-preview":"max-image-preview:large","max-video-preview":"max-video-preview:-1"},"canonical":"https:\/\/www.noxiamdesign.fr\/index.php\/culinaire-et-produit\/","og_locale":"fr_FR","og_type":"article","og_title":"Culinaire et produit - Noxiam design","og_url":"https:\/\/www.noxiamdesign.fr\/index.php\/culinaire-et-produit\/","og_site_name":"Noxiam design","article_modified_time":"2026-03-07T07:14:30+00:00","twitter_card":"summary_large_image","schema":{"@context":"https:\/\/schema.org","@graph":[{"@type":"WebPage","@id":"https:\/\/www.noxiamdesign.fr\/index.php\/culinaire-et-produit\/","url":"https:\/\/www.noxiamdesign.fr\/index.php\/culinaire-et-produit\/","name":"Culinaire et produit - Noxiam design","isPartOf":{"@id":"https:\/\/www.noxiamdesign.fr\/#website"},"datePublished":"2026-03-07T07:02:20+00:00","dateModified":"2026-03-07T07:14:30+00:00","breadcrumb":{"@id":"https:\/\/www.noxiamdesign.fr\/index.php\/culinaire-et-produit\/#breadcrumb"},"inLanguage":"fr-FR","potentialAction":[{"@type":"ReadAction","target":["https:\/\/www.noxiamdesign.fr\/index.php\/culinaire-et-produit\/"]}]},{"@type":"BreadcrumbList","@id":"https:\/\/www.noxiamdesign.fr\/index.php\/culinaire-et-produit\/#breadcrumb","itemListElement":[{"@type":"ListItem","position":1,"name":"Accueil","item":"https:\/\/www.noxiamdesign.fr\/"},{"@type":"ListItem","position":2,"name":"Culinaire et produit"}]},{"@type":"WebSite","@id":"https:\/\/www.noxiamdesign.fr\/#website","url":"https:\/\/www.noxiamdesign.fr\/","name":"Noxiam design","description":"Photographie &amp; communication","potentialAction":[{"@type":"SearchAction","target":{"@type":"EntryPoint","urlTemplate":"https:\/\/www.noxiamdesign.fr\/?s={search_term_string}"},"query-input":{"@type":"PropertyValueSpecification","valueRequired":true,"valueName":"search_term_string"}}],"inLanguage":"fr-FR"}]}},"_links":{"self":[{"href":"https:\/\/www.noxiamdesign.fr\/index.php\/wp-json\/wp\/v2\/pages\/642","targetHints":{"allow":["GET"]}}],"collection":[{"href":"https:\/\/www.noxiamdesign.fr\/index.php\/wp-json\/wp\/v2\/pages"}],"about":[{"href":"https:\/\/www.noxiamdesign.fr\/index.php\/wp-json\/wp\/v2\/types\/page"}],"author":[{"embeddable":true,"href":"https:\/\/www.noxiamdesign.fr\/index.php\/wp-json\/wp\/v2\/users\/1"}],"replies":[{"embeddable":true,"href":"https:\/\/www.noxiamdesign.fr\/index.php\/wp-json\/wp\/v2\/comments?post=642"}],"version-history":[{"count":3,"href":"https:\/\/www.noxiamdesign.fr\/index.php\/wp-json\/wp\/v2\/pages\/642\/revisions"}],"predecessor-version":[{"id":647,"href":"https:\/\/www.noxiamdesign.fr\/index.php\/wp-json\/wp\/v2\/pages\/642\/revisions\/647"}],"wp:attachment":[{"href":"https:\/\/www.noxiamdesign.fr\/index.php\/wp-json\/wp\/v2\/media?parent=642"}],"curies":[{"name":"wp","href":"https:\/\/api.w.org\/{rel}","templated":true}]}}