{"id":253,"date":"2025-11-08T19:47:56","date_gmt":"2025-11-08T18:47:56","guid":{"rendered":"https:\/\/www.noxiamdesign.fr\/?page_id=253"},"modified":"2026-03-08T08:44:12","modified_gmt":"2026-03-08T07:44:12","slug":"carnetvisuel","status":"publish","type":"page","link":"https:\/\/www.noxiamdesign.fr\/index.php\/carnetvisuel\/","title":{"rendered":"carnet visuel"},"content":{"rendered":"<div class=\"slider-wrapper relative\" id=\"slider-1010113450\" >\n    <div class=\"slider slider-nav-circle slider-nav-large slider-nav-light slider-style-normal\"\n        data-flickity-options='{\n            \"cellAlign\": \"center\",\n            \"imagesLoaded\": true,\n            \"lazyLoad\": 1,\n            \"freeScroll\": false,\n            \"wrapAround\": true,\n            \"autoPlay\": 6000,\n            \"pauseAutoPlayOnHover\" : true,\n            \"prevNextButtons\": true,\n            \"contain\" : true,\n            \"adaptiveHeight\" : true,\n            \"dragThreshold\" : 10,\n            \"percentPosition\": true,\n            \"pageDots\": true,\n            \"rightToLeft\": false,\n            \"draggable\": true,\n            \"selectedAttraction\": 0.1,\n            \"parallax\" : 0,\n            \"friction\": 0.6        }'\n        >\n        \n     <\/div>\n\n     <div class=\"loading-spin dark large centered\"><\/div>\n\n\t<\/div>\n\n\n\n\t<section class=\"section\" id=\"section_1300653116\">\n\t\t<div class=\"section-bg fill\" >\n\t\t\t\t\t\t\t\t\t\n\t\t\t\n\n\t\t<\/div>\n\n\t\t\n\n\t\t<div class=\"section-content relative\">\n\t\t\t\n<div class=\"row align-center\"  id=\"row-2074248047\">\n\n\t<div id=\"col-102438291\" class=\"col small-12 large-12\"  >\n\t\t\t\t<div class=\"col-inner dark\"  >\n\t\t\t\n\t\t\t\n<div class=\"row\"  id=\"row-1474215181\">\n\n\t<div id=\"col-527791534\" class=\"col small-12 large-12\"  >\n\t\t\t\t<div class=\"col-inner\"  >\n\t\t\t\n\t\t\t\n<h4 class=\"_ap3a _aaco _aacu _aacx _aad7 _aade\" dir=\"auto\">Une collection d\u2019images prises au fil du temps : instants de rue, d\u00e9tails, atmosph\u00e8res et exp\u00e9rimentations.<\/h4>\n\t\t<\/div>\n\t\t\t\t\t<\/div>\n\n\t\n<\/div>\n<div class=\"row row-dashed\"  id=\"row-552590186\">\n\n\t<div id=\"col-871386830\" class=\"col medium-6 small-12 large-6\"  >\n\t\t\t\t<div class=\"col-inner\"  >\n\t\t\t\n\t\t\t\n\t<div class=\"img has-hover x md-x lg-x y md-y lg-y\" id=\"image_1001734451\">\n\t\t<a class=\"image-lightbox lightbox-gallery\" title=\"\" href=\"https:\/\/www.noxiamdesign.fr\/wp-content\/uploads\/2026\/03\/B97A6511-Avec-accentuation-Bruit-1024x683.jpg\">\t\t\t\t\t\t<div class=\"img-inner dark\" >\n\t\t\t<img loading=\"lazy\" decoding=\"async\" width=\"2560\" height=\"1707\" src=\"https:\/\/www.noxiamdesign.fr\/wp-content\/uploads\/2026\/03\/B97A6511-Avec-accentuation-Bruit.jpg\" class=\"attachment-original size-original\" alt=\"\" srcset=\"https:\/\/www.noxiamdesign.fr\/wp-content\/uploads\/2026\/03\/B97A6511-Avec-accentuation-Bruit.jpg 2560w, https:\/\/www.noxiamdesign.fr\/wp-content\/uploads\/2026\/03\/B97A6511-Avec-accentuation-Bruit-300x200.jpg 300w, https:\/\/www.noxiamdesign.fr\/wp-content\/uploads\/2026\/03\/B97A6511-Avec-accentuation-Bruit-1024x683.jpg 1024w, https:\/\/www.noxiamdesign.fr\/wp-content\/uploads\/2026\/03\/B97A6511-Avec-accentuation-Bruit-768x512.jpg 768w, https:\/\/www.noxiamdesign.fr\/wp-content\/uploads\/2026\/03\/B97A6511-Avec-accentuation-Bruit-1536x1024.jpg 1536w, https:\/\/www.noxiamdesign.fr\/wp-content\/uploads\/2026\/03\/B97A6511-Avec-accentuation-Bruit-2048x1366.jpg 2048w\" sizes=\"auto, (max-width: 2560px) 100vw, 2560px\" \/>\t\t\t\t\t\t\n\t\t\t\t\t<\/div>\n\t\t\t\t\t\t<\/a>\t\t\n<style>\n#image_1001734451 {\n  width: 100%;\n}\n<\/style>\n\t<\/div>\n\t\n\t<div class=\"img has-hover x md-x lg-x y md-y lg-y\" id=\"image_1595965603\">\n\t\t<a class=\"image-lightbox lightbox-gallery\" title=\"\" href=\"https:\/\/www.noxiamdesign.fr\/wp-content\/uploads\/2025\/11\/B97A1879-Avec-accentuation-Bruit-1024x857.jpg\">\t\t\t\t\t\t<div class=\"img-inner dark\" >\n\t\t\t<img loading=\"lazy\" decoding=\"async\" width=\"2560\" height=\"2143\" src=\"https:\/\/www.noxiamdesign.fr\/wp-content\/uploads\/2025\/11\/B97A1879-Avec-accentuation-Bruit.jpg\" class=\"attachment-original size-original\" alt=\"\" srcset=\"https:\/\/www.noxiamdesign.fr\/wp-content\/uploads\/2025\/11\/B97A1879-Avec-accentuation-Bruit.jpg 2560w, https:\/\/www.noxiamdesign.fr\/wp-content\/uploads\/2025\/11\/B97A1879-Avec-accentuation-Bruit-300x251.jpg 300w, https:\/\/www.noxiamdesign.fr\/wp-content\/uploads\/2025\/11\/B97A1879-Avec-accentuation-Bruit-1024x857.jpg 1024w, https:\/\/www.noxiamdesign.fr\/wp-content\/uploads\/2025\/11\/B97A1879-Avec-accentuation-Bruit-768x643.jpg 768w, https:\/\/www.noxiamdesign.fr\/wp-content\/uploads\/2025\/11\/B97A1879-Avec-accentuation-Bruit-1536x1286.jpg 1536w, https:\/\/www.noxiamdesign.fr\/wp-content\/uploads\/2025\/11\/B97A1879-Avec-accentuation-Bruit-2048x1714.jpg 2048w\" sizes=\"auto, (max-width: 2560px) 100vw, 2560px\" \/>\t\t\t\t\t\t\n\t\t\t\t\t<\/div>\n\t\t\t\t\t\t<\/a>\t\t\n<style>\n#image_1595965603 {\n  width: 100%;\n}\n<\/style>\n\t<\/div>\n\t\n\t<div class=\"img has-hover x md-x lg-x y md-y lg-y\" id=\"image_488323311\">\n\t\t<a class=\"image-lightbox lightbox-gallery\" title=\"\" href=\"https:\/\/www.noxiamdesign.fr\/wp-content\/uploads\/2025\/11\/B97A1861-683x1024.jpg\">\t\t\t\t\t\t<div class=\"img-inner dark\" >\n\t\t\t<img loading=\"lazy\" decoding=\"async\" width=\"1707\" height=\"2560\" src=\"https:\/\/www.noxiamdesign.fr\/wp-content\/uploads\/2025\/11\/B97A1861.jpg\" class=\"attachment-original size-original\" alt=\"\" srcset=\"https:\/\/www.noxiamdesign.fr\/wp-content\/uploads\/2025\/11\/B97A1861.jpg 1707w, https:\/\/www.noxiamdesign.fr\/wp-content\/uploads\/2025\/11\/B97A1861-200x300.jpg 200w, https:\/\/www.noxiamdesign.fr\/wp-content\/uploads\/2025\/11\/B97A1861-683x1024.jpg 683w, https:\/\/www.noxiamdesign.fr\/wp-content\/uploads\/2025\/11\/B97A1861-768x1152.jpg 768w, https:\/\/www.noxiamdesign.fr\/wp-content\/uploads\/2025\/11\/B97A1861-1024x1536.jpg 1024w, https:\/\/www.noxiamdesign.fr\/wp-content\/uploads\/2025\/11\/B97A1861-1366x2048.jpg 1366w\" sizes=\"auto, (max-width: 1707px) 100vw, 1707px\" \/>\t\t\t\t\t\t\n\t\t\t\t\t<\/div>\n\t\t\t\t\t\t<\/a>\t\t\n<style>\n#image_488323311 {\n  width: 100%;\n}\n<\/style>\n\t<\/div>\n\t\n\t<div class=\"img has-hover x md-x lg-x y md-y lg-y\" id=\"image_1541849900\">\n\t\t<a class=\"image-lightbox lightbox-gallery\" title=\"\" href=\"https:\/\/www.noxiamdesign.fr\/wp-content\/uploads\/2026\/03\/noxiamphotoB97A0014-683x1024.jpg\">\t\t\t\t\t\t<div class=\"img-inner image-cover dark\" style=\"padding-top:153%;\">\n\t\t\t<img loading=\"lazy\" decoding=\"async\" width=\"1371\" height=\"2057\" src=\"https:\/\/www.noxiamdesign.fr\/wp-content\/uploads\/2026\/03\/noxiamphotoB97A0014.jpg\" class=\"attachment-original size-original\" alt=\"\" srcset=\"https:\/\/www.noxiamdesign.fr\/wp-content\/uploads\/2026\/03\/noxiamphotoB97A0014.jpg 1371w, https:\/\/www.noxiamdesign.fr\/wp-content\/uploads\/2026\/03\/noxiamphotoB97A0014-200x300.jpg 200w, https:\/\/www.noxiamdesign.fr\/wp-content\/uploads\/2026\/03\/noxiamphotoB97A0014-683x1024.jpg 683w, https:\/\/www.noxiamdesign.fr\/wp-content\/uploads\/2026\/03\/noxiamphotoB97A0014-768x1152.jpg 768w, https:\/\/www.noxiamdesign.fr\/wp-content\/uploads\/2026\/03\/noxiamphotoB97A0014-1024x1536.jpg 1024w, https:\/\/www.noxiamdesign.fr\/wp-content\/uploads\/2026\/03\/noxiamphotoB97A0014-1365x2048.jpg 1365w\" sizes=\"auto, (max-width: 1371px) 100vw, 1371px\" \/>\t\t\t\t\t\t\n\t\t\t\t\t<\/div>\n\t\t\t\t\t\t<\/a>\t\t\n<style>\n#image_1541849900 {\n  width: 100%;\n}\n<\/style>\n\t<\/div>\n\t\n\t<div class=\"img has-hover x md-x lg-x y md-y lg-y\" id=\"image_653634750\">\n\t\t<a class=\"image-lightbox lightbox-gallery\" title=\"\" href=\"https:\/\/www.noxiamdesign.fr\/wp-content\/uploads\/2026\/03\/B97A30102-683x1024.jpg\">\t\t\t\t\t\t<div class=\"img-inner image-cover dark\" style=\"padding-top:153%;\">\n\t\t\t<img loading=\"lazy\" decoding=\"async\" width=\"1707\" height=\"2560\" src=\"https:\/\/www.noxiamdesign.fr\/wp-content\/uploads\/2026\/03\/B97A30102.jpg\" class=\"attachment-original size-original\" alt=\"\" srcset=\"https:\/\/www.noxiamdesign.fr\/wp-content\/uploads\/2026\/03\/B97A30102.jpg 1707w, https:\/\/www.noxiamdesign.fr\/wp-content\/uploads\/2026\/03\/B97A30102-200x300.jpg 200w, https:\/\/www.noxiamdesign.fr\/wp-content\/uploads\/2026\/03\/B97A30102-683x1024.jpg 683w, https:\/\/www.noxiamdesign.fr\/wp-content\/uploads\/2026\/03\/B97A30102-768x1152.jpg 768w, https:\/\/www.noxiamdesign.fr\/wp-content\/uploads\/2026\/03\/B97A30102-1024x1536.jpg 1024w, https:\/\/www.noxiamdesign.fr\/wp-content\/uploads\/2026\/03\/B97A30102-1366x2048.jpg 1366w\" sizes=\"auto, (max-width: 1707px) 100vw, 1707px\" \/>\t\t\t\t\t\t\n\t\t\t\t\t<\/div>\n\t\t\t\t\t\t<\/a>\t\t\n<style>\n#image_653634750 {\n  width: 100%;\n}\n<\/style>\n\t<\/div>\n\t\n\t<div class=\"img has-hover x md-x lg-x y md-y lg-y\" id=\"image_1556433899\">\n\t\t<a class=\"image-lightbox lightbox-gallery\" title=\"\" href=\"https:\/\/www.noxiamdesign.fr\/wp-content\/uploads\/2026\/03\/B97A6550-683x1024.jpg\">\t\t\t\t\t\t<div class=\"img-inner image-cover dark\" style=\"padding-top:153%;\">\n\t\t\t<img loading=\"lazy\" decoding=\"async\" width=\"1707\" height=\"2560\" src=\"https:\/\/www.noxiamdesign.fr\/wp-content\/uploads\/2026\/03\/B97A6550.jpg\" class=\"attachment-original size-original\" alt=\"\" srcset=\"https:\/\/www.noxiamdesign.fr\/wp-content\/uploads\/2026\/03\/B97A6550.jpg 1707w, https:\/\/www.noxiamdesign.fr\/wp-content\/uploads\/2026\/03\/B97A6550-200x300.jpg 200w, https:\/\/www.noxiamdesign.fr\/wp-content\/uploads\/2026\/03\/B97A6550-683x1024.jpg 683w, https:\/\/www.noxiamdesign.fr\/wp-content\/uploads\/2026\/03\/B97A6550-768x1152.jpg 768w, https:\/\/www.noxiamdesign.fr\/wp-content\/uploads\/2026\/03\/B97A6550-1024x1536.jpg 1024w, https:\/\/www.noxiamdesign.fr\/wp-content\/uploads\/2026\/03\/B97A6550-1366x2048.jpg 1366w\" sizes=\"auto, (max-width: 1707px) 100vw, 1707px\" \/>\t\t\t\t\t\t\n\t\t\t\t\t<\/div>\n\t\t\t\t\t\t<\/a>\t\t\n<style>\n#image_1556433899 {\n  width: 100%;\n}\n<\/style>\n\t<\/div>\n\t\n\t\t<\/div>\n\t\t\t\t\t<\/div>\n\n\t\n\n\t<div id=\"col-1775253776\" class=\"col medium-6 small-12 large-6\"  >\n\t\t\t\t<div class=\"col-inner\"  >\n\t\t\t\n\t\t\t\n\t<div class=\"img has-hover x md-x lg-x y md-y lg-y\" id=\"image_1297977354\">\n\t\t<a class=\"image-lightbox lightbox-gallery\" title=\"\" href=\"https:\/\/www.noxiamdesign.fr\/wp-content\/uploads\/2025\/11\/B97A1858-683x1024.jpg\">\t\t\t\t\t\t<div class=\"img-inner dark\" >\n\t\t\t<img loading=\"lazy\" decoding=\"async\" width=\"2000\" height=\"3000\" src=\"https:\/\/www.noxiamdesign.fr\/wp-content\/uploads\/2025\/11\/B97A1858.jpg\" class=\"attachment-original size-original\" alt=\"\" srcset=\"https:\/\/www.noxiamdesign.fr\/wp-content\/uploads\/2025\/11\/B97A1858.jpg 2000w, https:\/\/www.noxiamdesign.fr\/wp-content\/uploads\/2025\/11\/B97A1858-200x300.jpg 200w, https:\/\/www.noxiamdesign.fr\/wp-content\/uploads\/2025\/11\/B97A1858-683x1024.jpg 683w, https:\/\/www.noxiamdesign.fr\/wp-content\/uploads\/2025\/11\/B97A1858-768x1152.jpg 768w, https:\/\/www.noxiamdesign.fr\/wp-content\/uploads\/2025\/11\/B97A1858-1024x1536.jpg 1024w, https:\/\/www.noxiamdesign.fr\/wp-content\/uploads\/2025\/11\/B97A1858-1365x2048.jpg 1365w\" sizes=\"auto, (max-width: 2000px) 100vw, 2000px\" \/>\t\t\t\t\t\t\n\t\t\t\t\t<\/div>\n\t\t\t\t\t\t<\/a>\t\t\n<style>\n#image_1297977354 {\n  width: 100%;\n}\n<\/style>\n\t<\/div>\n\t\n\t<div class=\"img has-hover x md-x lg-x y md-y lg-y\" id=\"image_151832941\">\n\t\t<a class=\"image-lightbox lightbox-gallery\" title=\"\" href=\"https:\/\/www.noxiamdesign.fr\/wp-content\/uploads\/2025\/11\/B97A1845-1-Recovered-1024x683.jpg\">\t\t\t\t\t\t<div class=\"img-inner image-cover dark\" style=\"padding-top:67%;\">\n\t\t\t<img loading=\"lazy\" decoding=\"async\" width=\"3000\" height=\"2000\" src=\"https:\/\/www.noxiamdesign.fr\/wp-content\/uploads\/2025\/11\/B97A1845-1-Recovered.jpg\" class=\"attachment-original size-original\" alt=\"\" srcset=\"https:\/\/www.noxiamdesign.fr\/wp-content\/uploads\/2025\/11\/B97A1845-1-Recovered.jpg 3000w, https:\/\/www.noxiamdesign.fr\/wp-content\/uploads\/2025\/11\/B97A1845-1-Recovered-300x200.jpg 300w, https:\/\/www.noxiamdesign.fr\/wp-content\/uploads\/2025\/11\/B97A1845-1-Recovered-1024x683.jpg 1024w, https:\/\/www.noxiamdesign.fr\/wp-content\/uploads\/2025\/11\/B97A1845-1-Recovered-768x512.jpg 768w, https:\/\/www.noxiamdesign.fr\/wp-content\/uploads\/2025\/11\/B97A1845-1-Recovered-1536x1024.jpg 1536w, https:\/\/www.noxiamdesign.fr\/wp-content\/uploads\/2025\/11\/B97A1845-1-Recovered-2048x1365.jpg 2048w\" sizes=\"auto, (max-width: 3000px) 100vw, 3000px\" \/>\t\t\t\t\t\t\n\t\t\t\t\t<\/div>\n\t\t\t\t\t\t<\/a>\t\t\n<style>\n#image_151832941 {\n  width: 100%;\n}\n<\/style>\n\t<\/div>\n\t\n\t<div class=\"img has-hover x md-x lg-x y md-y lg-y\" id=\"image_650322510\">\n\t\t<a class=\"image-lightbox lightbox-gallery\" title=\"\" href=\"https:\/\/www.noxiamdesign.fr\/wp-content\/uploads\/2026\/03\/B97A1874-noxiamphoto-1024x683.jpg\">\t\t\t\t\t\t<div class=\"img-inner image-cover dark\" style=\"padding-top:94%;\">\n\t\t\t<img loading=\"lazy\" decoding=\"async\" width=\"2400\" height=\"1600\" src=\"https:\/\/www.noxiamdesign.fr\/wp-content\/uploads\/2026\/03\/B97A1874-noxiamphoto.jpg\" class=\"attachment-original size-original\" alt=\"\" srcset=\"https:\/\/www.noxiamdesign.fr\/wp-content\/uploads\/2026\/03\/B97A1874-noxiamphoto.jpg 2400w, https:\/\/www.noxiamdesign.fr\/wp-content\/uploads\/2026\/03\/B97A1874-noxiamphoto-300x200.jpg 300w, https:\/\/www.noxiamdesign.fr\/wp-content\/uploads\/2026\/03\/B97A1874-noxiamphoto-1024x683.jpg 1024w, https:\/\/www.noxiamdesign.fr\/wp-content\/uploads\/2026\/03\/B97A1874-noxiamphoto-768x512.jpg 768w, https:\/\/www.noxiamdesign.fr\/wp-content\/uploads\/2026\/03\/B97A1874-noxiamphoto-1536x1024.jpg 1536w, https:\/\/www.noxiamdesign.fr\/wp-content\/uploads\/2026\/03\/B97A1874-noxiamphoto-2048x1365.jpg 2048w\" sizes=\"auto, (max-width: 2400px) 100vw, 2400px\" \/>\t\t\t\t\t\t\n\t\t\t\t\t<\/div>\n\t\t\t\t\t\t<\/a>\t\t\n<style>\n#image_650322510 {\n  width: 100%;\n}\n<\/style>\n\t<\/div>\n\t\n\t<div class=\"img has-hover x md-x lg-x y md-y lg-y\" id=\"image_1362974231\">\n\t\t<a class=\"image-lightbox lightbox-gallery\" title=\"\" href=\"https:\/\/www.noxiamdesign.fr\/wp-content\/uploads\/2026\/03\/AQ5A0070-noxiamphoto-683x1024.jpg\">\t\t\t\t\t\t<div class=\"img-inner image-cover dark\" style=\"padding-top:143%;\">\n\t\t\t<img loading=\"lazy\" decoding=\"async\" width=\"1707\" height=\"2560\" src=\"https:\/\/www.noxiamdesign.fr\/wp-content\/uploads\/2026\/03\/AQ5A0070-noxiamphoto.jpg\" class=\"attachment-original size-original\" alt=\"\" srcset=\"https:\/\/www.noxiamdesign.fr\/wp-content\/uploads\/2026\/03\/AQ5A0070-noxiamphoto.jpg 1707w, https:\/\/www.noxiamdesign.fr\/wp-content\/uploads\/2026\/03\/AQ5A0070-noxiamphoto-200x300.jpg 200w, https:\/\/www.noxiamdesign.fr\/wp-content\/uploads\/2026\/03\/AQ5A0070-noxiamphoto-683x1024.jpg 683w, https:\/\/www.noxiamdesign.fr\/wp-content\/uploads\/2026\/03\/AQ5A0070-noxiamphoto-768x1152.jpg 768w, https:\/\/www.noxiamdesign.fr\/wp-content\/uploads\/2026\/03\/AQ5A0070-noxiamphoto-1024x1536.jpg 1024w, https:\/\/www.noxiamdesign.fr\/wp-content\/uploads\/2026\/03\/AQ5A0070-noxiamphoto-1366x2048.jpg 1366w\" sizes=\"auto, (max-width: 1707px) 100vw, 1707px\" \/>\t\t\t\t\t\t\n\t\t\t\t\t<\/div>\n\t\t\t\t\t\t<\/a>\t\t\n<style>\n#image_1362974231 {\n  width: 100%;\n}\n<\/style>\n\t<\/div>\n\t\n\t<div class=\"img has-hover x md-x lg-x y md-y lg-y\" id=\"image_1272115745\">\n\t\t<a class=\"image-lightbox lightbox-gallery\" title=\"\" href=\"https:\/\/www.noxiamdesign.fr\/wp-content\/uploads\/2026\/03\/B97A2447-Avec-accentuation-Bruit-1024x683.jpg\">\t\t\t\t\t\t<div class=\"img-inner image-cover dark\" style=\"padding-top:84%;\">\n\t\t\t<img loading=\"lazy\" decoding=\"async\" width=\"2560\" height=\"1707\" src=\"https:\/\/www.noxiamdesign.fr\/wp-content\/uploads\/2026\/03\/B97A2447-Avec-accentuation-Bruit.jpg\" class=\"attachment-original size-original\" alt=\"\" srcset=\"https:\/\/www.noxiamdesign.fr\/wp-content\/uploads\/2026\/03\/B97A2447-Avec-accentuation-Bruit.jpg 2560w, https:\/\/www.noxiamdesign.fr\/wp-content\/uploads\/2026\/03\/B97A2447-Avec-accentuation-Bruit-300x200.jpg 300w, https:\/\/www.noxiamdesign.fr\/wp-content\/uploads\/2026\/03\/B97A2447-Avec-accentuation-Bruit-1024x683.jpg 1024w, https:\/\/www.noxiamdesign.fr\/wp-content\/uploads\/2026\/03\/B97A2447-Avec-accentuation-Bruit-768x512.jpg 768w, https:\/\/www.noxiamdesign.fr\/wp-content\/uploads\/2026\/03\/B97A2447-Avec-accentuation-Bruit-1536x1024.jpg 1536w, https:\/\/www.noxiamdesign.fr\/wp-content\/uploads\/2026\/03\/B97A2447-Avec-accentuation-Bruit-2048x1366.jpg 2048w\" sizes=\"auto, (max-width: 2560px) 100vw, 2560px\" \/>\t\t\t\t\t\t\n\t\t\t\t\t<\/div>\n\t\t\t\t\t\t<\/a>\t\t\n<style>\n#image_1272115745 {\n  width: 100%;\n}\n<\/style>\n\t<\/div>\n\t\n\t<div class=\"img has-hover x md-x lg-x y md-y lg-y\" id=\"image_91953336\">\n\t\t<a class=\"image-lightbox lightbox-gallery\" title=\"\" href=\"https:\/\/www.noxiamdesign.fr\/wp-content\/uploads\/2026\/03\/B97A09053-1024x752.jpg\">\t\t\t\t\t\t<div class=\"img-inner image-cover dark\" style=\"padding-top:84%;\">\n\t\t\t<img loading=\"lazy\" decoding=\"async\" width=\"2270\" height=\"1667\" src=\"https:\/\/www.noxiamdesign.fr\/wp-content\/uploads\/2026\/03\/B97A09053.jpg\" class=\"attachment-original size-original\" alt=\"\" srcset=\"https:\/\/www.noxiamdesign.fr\/wp-content\/uploads\/2026\/03\/B97A09053.jpg 2270w, https:\/\/www.noxiamdesign.fr\/wp-content\/uploads\/2026\/03\/B97A09053-300x220.jpg 300w, https:\/\/www.noxiamdesign.fr\/wp-content\/uploads\/2026\/03\/B97A09053-1024x752.jpg 1024w, https:\/\/www.noxiamdesign.fr\/wp-content\/uploads\/2026\/03\/B97A09053-768x564.jpg 768w, https:\/\/www.noxiamdesign.fr\/wp-content\/uploads\/2026\/03\/B97A09053-1536x1128.jpg 1536w, https:\/\/www.noxiamdesign.fr\/wp-content\/uploads\/2026\/03\/B97A09053-2048x1504.jpg 2048w\" sizes=\"auto, (max-width: 2270px) 100vw, 2270px\" \/>\t\t\t\t\t\t\n\t\t\t\t\t<\/div>\n\t\t\t\t\t\t<\/a>\t\t\n<style>\n#image_91953336 {\n  width: 100%;\n}\n<\/style>\n\t<\/div>\n\t\n\t\t<\/div>\n\t\t\t\t\t<\/div>\n\n\t\n<\/div>\n\t\t<\/div>\n\t\t\t\t\t<\/div>\n\n\t\n<\/div>\n\t\t<\/div>\n\n\t\t\n<style>\n#section_1300653116 {\n  padding-top: 30px;\n  padding-bottom: 30px;\n  background-color: rgb(0, 0, 0);\n}\n<\/style>\n\t<\/section>\n\t\n","protected":false},"excerpt":{"rendered":"","protected":false},"author":1,"featured_media":0,"parent":0,"menu_order":0,"comment_status":"closed","ping_status":"closed","template":"page-blank.php","meta":{"footnotes":""},"class_list":["post-253","page","type-page","status-publish","hentry"],"yoast_head":"<!-- This site is optimized with the Yoast SEO plugin v27.3 - https:\/\/yoast.com\/product\/yoast-seo-wordpress\/ -->\n<title>carnet visuel - Noxiam design<\/title>\n<meta name=\"robots\" content=\"index, follow, max-snippet:-1, max-image-preview:large, max-video-preview:-1\" \/>\n<link rel=\"canonical\" href=\"https:\/\/www.noxiamdesign.fr\/index.php\/carnetvisuel\/\" \/>\n<meta property=\"og:locale\" content=\"fr_FR\" \/>\n<meta property=\"og:type\" content=\"article\" \/>\n<meta property=\"og:title\" content=\"carnet visuel - Noxiam design\" \/>\n<meta property=\"og:url\" content=\"https:\/\/www.noxiamdesign.fr\/index.php\/carnetvisuel\/\" \/>\n<meta property=\"og:site_name\" content=\"Noxiam design\" \/>\n<meta property=\"article:modified_time\" content=\"2026-03-08T07:44:12+00:00\" \/>\n<meta name=\"twitter:card\" content=\"summary_large_image\" \/>\n<meta name=\"twitter:label1\" content=\"Dur\u00e9e de lecture estim\u00e9e\" \/>\n\t<meta name=\"twitter:data1\" content=\"1 minute\" \/>\n<script type=\"application\/ld+json\" class=\"yoast-schema-graph\">{\"@context\":\"https:\\\/\\\/schema.org\",\"@graph\":[{\"@type\":\"WebPage\",\"@id\":\"https:\\\/\\\/www.noxiamdesign.fr\\\/index.php\\\/carnetvisuel\\\/\",\"url\":\"https:\\\/\\\/www.noxiamdesign.fr\\\/index.php\\\/carnetvisuel\\\/\",\"name\":\"carnet visuel - Noxiam design\",\"isPartOf\":{\"@id\":\"https:\\\/\\\/www.noxiamdesign.fr\\\/#website\"},\"datePublished\":\"2025-11-08T18:47:56+00:00\",\"dateModified\":\"2026-03-08T07:44:12+00:00\",\"breadcrumb\":{\"@id\":\"https:\\\/\\\/www.noxiamdesign.fr\\\/index.php\\\/carnetvisuel\\\/#breadcrumb\"},\"inLanguage\":\"fr-FR\",\"potentialAction\":[{\"@type\":\"ReadAction\",\"target\":[\"https:\\\/\\\/www.noxiamdesign.fr\\\/index.php\\\/carnetvisuel\\\/\"]}]},{\"@type\":\"BreadcrumbList\",\"@id\":\"https:\\\/\\\/www.noxiamdesign.fr\\\/index.php\\\/carnetvisuel\\\/#breadcrumb\",\"itemListElement\":[{\"@type\":\"ListItem\",\"position\":1,\"name\":\"Accueil\",\"item\":\"https:\\\/\\\/www.noxiamdesign.fr\\\/\"},{\"@type\":\"ListItem\",\"position\":2,\"name\":\"carnet visuel\"}]},{\"@type\":\"WebSite\",\"@id\":\"https:\\\/\\\/www.noxiamdesign.fr\\\/#website\",\"url\":\"https:\\\/\\\/www.noxiamdesign.fr\\\/\",\"name\":\"Noxiam design\",\"description\":\"Photographie &amp; communication\",\"potentialAction\":[{\"@type\":\"SearchAction\",\"target\":{\"@type\":\"EntryPoint\",\"urlTemplate\":\"https:\\\/\\\/www.noxiamdesign.fr\\\/?s={search_term_string}\"},\"query-input\":{\"@type\":\"PropertyValueSpecification\",\"valueRequired\":true,\"valueName\":\"search_term_string\"}}],\"inLanguage\":\"fr-FR\"}]}<\/script>\n<!-- \/ Yoast SEO plugin. -->","yoast_head_json":{"title":"carnet visuel - Noxiam design","robots":{"index":"index","follow":"follow","max-snippet":"max-snippet:-1","max-image-preview":"max-image-preview:large","max-video-preview":"max-video-preview:-1"},"canonical":"https:\/\/www.noxiamdesign.fr\/index.php\/carnetvisuel\/","og_locale":"fr_FR","og_type":"article","og_title":"carnet visuel - Noxiam design","og_url":"https:\/\/www.noxiamdesign.fr\/index.php\/carnetvisuel\/","og_site_name":"Noxiam design","article_modified_time":"2026-03-08T07:44:12+00:00","twitter_card":"summary_large_image","twitter_misc":{"Dur\u00e9e de lecture estim\u00e9e":"1 minute"},"schema":{"@context":"https:\/\/schema.org","@graph":[{"@type":"WebPage","@id":"https:\/\/www.noxiamdesign.fr\/index.php\/carnetvisuel\/","url":"https:\/\/www.noxiamdesign.fr\/index.php\/carnetvisuel\/","name":"carnet visuel - Noxiam design","isPartOf":{"@id":"https:\/\/www.noxiamdesign.fr\/#website"},"datePublished":"2025-11-08T18:47:56+00:00","dateModified":"2026-03-08T07:44:12+00:00","breadcrumb":{"@id":"https:\/\/www.noxiamdesign.fr\/index.php\/carnetvisuel\/#breadcrumb"},"inLanguage":"fr-FR","potentialAction":[{"@type":"ReadAction","target":["https:\/\/www.noxiamdesign.fr\/index.php\/carnetvisuel\/"]}]},{"@type":"BreadcrumbList","@id":"https:\/\/www.noxiamdesign.fr\/index.php\/carnetvisuel\/#breadcrumb","itemListElement":[{"@type":"ListItem","position":1,"name":"Accueil","item":"https:\/\/www.noxiamdesign.fr\/"},{"@type":"ListItem","position":2,"name":"carnet visuel"}]},{"@type":"WebSite","@id":"https:\/\/www.noxiamdesign.fr\/#website","url":"https:\/\/www.noxiamdesign.fr\/","name":"Noxiam design","description":"Photographie &amp; communication","potentialAction":[{"@type":"SearchAction","target":{"@type":"EntryPoint","urlTemplate":"https:\/\/www.noxiamdesign.fr\/?s={search_term_string}"},"query-input":{"@type":"PropertyValueSpecification","valueRequired":true,"valueName":"search_term_string"}}],"inLanguage":"fr-FR"}]}},"_links":{"self":[{"href":"https:\/\/www.noxiamdesign.fr\/index.php\/wp-json\/wp\/v2\/pages\/253","targetHints":{"allow":["GET"]}}],"collection":[{"href":"https:\/\/www.noxiamdesign.fr\/index.php\/wp-json\/wp\/v2\/pages"}],"about":[{"href":"https:\/\/www.noxiamdesign.fr\/index.php\/wp-json\/wp\/v2\/types\/page"}],"author":[{"embeddable":true,"href":"https:\/\/www.noxiamdesign.fr\/index.php\/wp-json\/wp\/v2\/users\/1"}],"replies":[{"embeddable":true,"href":"https:\/\/www.noxiamdesign.fr\/index.php\/wp-json\/wp\/v2\/comments?post=253"}],"version-history":[{"count":29,"href":"https:\/\/www.noxiamdesign.fr\/index.php\/wp-json\/wp\/v2\/pages\/253\/revisions"}],"predecessor-version":[{"id":657,"href":"https:\/\/www.noxiamdesign.fr\/index.php\/wp-json\/wp\/v2\/pages\/253\/revisions\/657"}],"wp:attachment":[{"href":"https:\/\/www.noxiamdesign.fr\/index.php\/wp-json\/wp\/v2\/media?parent=253"}],"curies":[{"name":"wp","href":"https:\/\/api.w.org\/{rel}","templated":true}]}}